{"id":9595,"date":"2021-01-26T14:52:35","date_gmt":"2021-01-26T14:52:35","guid":{"rendered":"https:\/\/masterstrategy.pt\/project-information\/"},"modified":"2021-03-09T10:25:19","modified_gmt":"2021-03-09T10:25:19","slug":"project-information","status":"publish","type":"page","link":"https:\/\/masterstrategy.pt\/en\/project-information\/","title":{"rendered":"Project Information"},"content":{"rendered":"<p>[vc_row][vc_column][vc_row_inner][vc_column_inner][vc_single_image image=&#8221;8663&#8243; img_size=&#8221;600&#215;92&#8243;][vc_empty_space height=&#8221;30px&#8221;][\/vc_column_inner][\/vc_row_inner][vc_row_inner][vc_column_inner width=&#8221;2\/3&#8243;][vc_column_text el_class=&#8221;politica&#8221;]<\/p><div id=\"home\" class=\"parallax-slider\">\r\n<div class=\"bx-wrapper\">\r\n<div class=\"bx-viewport\">\r\n<div class=\"caption\">\r\n<div class=\"caption-inside skrollable skrollable-after\" data-anchor-target=\"section\" data-start=\"top: 0px; opacity: 1;\" data-200-top=\"top: 270px; opacity: 0;\">\r\n<div class=\"slide-caption\">\r\n<div class=\"vertical-align-middle\">\r\n<p><strong>Designa\u00e7\u00e3o do projeto |<\/strong> Masterstrategy Global<\/p>\r\n<p><strong>C\u00f3digo do projeto<\/strong> | POCI-02-0752-FEDER-034473<\/p>\r\n<p><strong>Objetivo principal|<\/strong>\u00a0Refor\u00e7ar a competitividade das pequenas e m\u00e9dias empresas<\/p>\r\n<p>&nbsp;<\/p>\r\n<p><strong>Regi\u00e3o de interven\u00e7\u00e3o |<\/strong>\u00a0Centro<\/p>\r\n<p><strong>Entidade benefici\u00e1ria |<\/strong>\u00a0MASTERSTRATEGY &#8211; CONSULTORIA ESTRAT\u00c9GICA, LDA.<\/p>\r\n<p>&nbsp;<\/p>\r\n<p><strong>Data de aprova\u00e7\u00e3o |<\/strong> 2018-02-27<\/p>\r\n<p><strong>Data de in\u00edcio |<\/strong>\u00a02018-02-01<\/p>\r\n<p><strong>Data de conclus\u00e3o | <\/strong>2021-01-31<\/p>\r\n<p><strong>Custo total eleg\u00edvel |<\/strong>\u00a0379.090,00 EUR<\/p>\r\n<p><strong>Apoio financeiro da Uni\u00e3o Europeia |<\/strong>\u00a0FEDER \u2013 170.590,50 EUR<\/p>\r\n<h2 class=\"center wp-block-heading\">\u00a0<\/h2>\r\n<p>A entidade promotora delineou os subsequentes investimentos, como forma de atingir os objetivos tra\u00e7ados:<\/p>\r\n<ul class=\"topics\">\r\n<li>a) Promover e consolidar o processo de internacionaliza\u00e7\u00e3o;<\/li>\r\n<li>b) Feiras\/Exposi\u00e7\u00f5es e Prospe\u00e7\u00e3o;<\/li>\r\n<li>c) Aumentar a notoriedade da marca;<\/li>\r\n<li>d) Presen\u00e7a na Web;<\/li>\r\n<li>e) Diversifica\u00e7\u00e3o dos mercados;<\/li>\r\n<li>f) Marketing Internacional;<\/li>\r\n<li>g) Introdu\u00e7\u00e3o de novos m\u00e9todos organizacionais;<\/li>\r\n<li>h) Manter uma estrutura financeira equilibrada, conseguindo investir na cria\u00e7\u00e3o de valor da sua atividade.<\/li>\r\n<\/ul>\r\n<p>Com o plano de investimentos proposto em projeto, visa alcan\u00e7ar VIS\u00c3O ser uma refer\u00eancia no fornecimento nos sistemas de software de gest\u00e3o empresarial nos v\u00e1rios mercados onde atuamos, com qualidade e servi\u00e7o de excel\u00eancia. A MISS\u00c3O o nosso compromisso \u00e9 prestar um servi\u00e7o consubstanciado em padr\u00f5es de qualidade e confian\u00e7a, considerando sempre que as organiza\u00e7\u00f5es reconhecem que o recurso \u00e0 informa\u00e7\u00e3o \u00e9 estrat\u00e9gico e uma fonte de vantagem competitiva importante.<\/p>\r\n<\/div>\r\n<\/div>\r\n<\/div>\r\n<\/div>\r\n<\/div>\r\n<\/div>\r\n<\/div>\r\n<p>[\/vc_column_text][\/vc_column_inner][vc_column_inner width=&#8221;1\/3&#8243;][vc_single_image image=&#8221;9767&#8243; img_size=&#8221;full&#8221;][\/vc_column_inner][\/vc_row_inner][vc_empty_space][\/vc_column][\/vc_row]<\/p>","protected":false},"excerpt":{"rendered":"<p>[vc_row][vc_column][vc_row_inner][vc_column_inner][vc_single_image image=&#8221;8663&#8243; img_size=&#8221;600&#215;92&#8243;][vc_empty_space height=&#8221;30px&#8221;][\/vc_column_inner][\/vc_row_inner][vc_row_inner][vc_column_inner width=&#8221;2\/3&#8243;][vc_column_text el_class=&#8221;politica&#8221;] Designa\u00e7\u00e3o do projeto | Masterstrategy Global C\u00f3digo do projeto | POCI-02-0752-FEDER-034473 Objetivo principal|\u00a0Refor\u00e7ar a competitividade&#8230;<\/p>\n","protected":false},"author":2,"featured_media":0,"parent":0,"menu_order":0,"comment_status":"closed","ping_status":"open","template":"","meta":{"footnotes":""},"class_list":["post-9595","page","type-page","status-publish","hentry"],"yoast_head":"<!-- This site is optimized with the Yoast SEO plugin v24.4 - https:\/\/yoast.com\/wordpress\/plugins\/seo\/ -->\n<title>Project Information - Masterstrategy<\/title>\n<meta name=\"robots\" content=\"index, follow, max-snippet:-1, max-image-preview:large, max-video-preview:-1\" \/>\n<link rel=\"canonical\" href=\"https:\/\/masterstrategy.pt\/en\/project-information\/\" \/>\n<meta property=\"og:locale\" content=\"en_US\" \/>\n<meta property=\"og:type\" content=\"article\" \/>\n<meta property=\"og:title\" content=\"Project Information - Masterstrategy\" \/>\n<meta property=\"og:description\" content=\"[vc_row][vc_column][vc_row_inner][vc_column_inner][vc_single_image image=&#8221;8663&#8243; img_size=&#8221;600&#215;92&#8243;][vc_empty_space height=&#8221;30px&#8221;][\/vc_column_inner][\/vc_row_inner][vc_row_inner][vc_column_inner width=&#8221;2\/3&#8243;][vc_column_text el_class=&#8221;politica&#8221;] Designa\u00e7\u00e3o do projeto | Masterstrategy Global C\u00f3digo do projeto | POCI-02-0752-FEDER-034473 Objetivo principal|\u00a0Refor\u00e7ar a competitividade...\" \/>\n<meta property=\"og:url\" content=\"https:\/\/masterstrategy.pt\/en\/project-information\/\" \/>\n<meta property=\"og:site_name\" content=\"Masterstrategy\" \/>\n<meta property=\"article:modified_time\" content=\"2021-03-09T10:25:19+00:00\" \/>\n<meta name=\"twitter:card\" content=\"summary_large_image\" \/>\n<meta name=\"twitter:label1\" content=\"Est. reading time\" \/>\n\t<meta name=\"twitter:data1\" content=\"1 minute\" \/>\n<script type=\"application\/ld+json\" class=\"yoast-schema-graph\">{\"@context\":\"https:\/\/schema.org\",\"@graph\":[{\"@type\":\"WebPage\",\"@id\":\"https:\/\/masterstrategy.pt\/en\/project-information\/\",\"url\":\"https:\/\/masterstrategy.pt\/en\/project-information\/\",\"name\":\"Project Information - Masterstrategy\",\"isPartOf\":{\"@id\":\"https:\/\/masterstrategy.pt\/en\/#website\"},\"datePublished\":\"2021-01-26T14:52:35+00:00\",\"dateModified\":\"2021-03-09T10:25:19+00:00\",\"breadcrumb\":{\"@id\":\"https:\/\/masterstrategy.pt\/en\/project-information\/#breadcrumb\"},\"inLanguage\":\"en-US\",\"potentialAction\":[{\"@type\":\"ReadAction\",\"target\":[\"https:\/\/masterstrategy.pt\/en\/project-information\/\"]}]},{\"@type\":\"BreadcrumbList\",\"@id\":\"https:\/\/masterstrategy.pt\/en\/project-information\/#breadcrumb\",\"itemListElement\":[{\"@type\":\"ListItem\",\"position\":1,\"name\":\"In\u00edcio\",\"item\":\"https:\/\/masterstrategy.pt\/en\/\"},{\"@type\":\"ListItem\",\"position\":2,\"name\":\"Project Information\"}]},{\"@type\":\"WebSite\",\"@id\":\"https:\/\/masterstrategy.pt\/en\/#website\",\"url\":\"https:\/\/masterstrategy.pt\/en\/\",\"name\":\"Masterstrategy\",\"description\":\"\",\"potentialAction\":[{\"@type\":\"SearchAction\",\"target\":{\"@type\":\"EntryPoint\",\"urlTemplate\":\"https:\/\/masterstrategy.pt\/en\/?s={search_term_string}\"},\"query-input\":{\"@type\":\"PropertyValueSpecification\",\"valueRequired\":true,\"valueName\":\"search_term_string\"}}],\"inLanguage\":\"en-US\"}]}<\/script>\n<!-- \/ Yoast SEO plugin. -->","yoast_head_json":{"title":"Project Information - Masterstrategy","robots":{"index":"index","follow":"follow","max-snippet":"max-snippet:-1","max-image-preview":"max-image-preview:large","max-video-preview":"max-video-preview:-1"},"canonical":"https:\/\/masterstrategy.pt\/en\/project-information\/","og_locale":"en_US","og_type":"article","og_title":"Project Information - Masterstrategy","og_description":"[vc_row][vc_column][vc_row_inner][vc_column_inner][vc_single_image image=&#8221;8663&#8243; img_size=&#8221;600&#215;92&#8243;][vc_empty_space height=&#8221;30px&#8221;][\/vc_column_inner][\/vc_row_inner][vc_row_inner][vc_column_inner width=&#8221;2\/3&#8243;][vc_column_text el_class=&#8221;politica&#8221;] Designa\u00e7\u00e3o do projeto | Masterstrategy Global C\u00f3digo do projeto | POCI-02-0752-FEDER-034473 Objetivo principal|\u00a0Refor\u00e7ar a competitividade...","og_url":"https:\/\/masterstrategy.pt\/en\/project-information\/","og_site_name":"Masterstrategy","article_modified_time":"2021-03-09T10:25:19+00:00","twitter_card":"summary_large_image","twitter_misc":{"Est. reading time":"1 minute"},"schema":{"@context":"https:\/\/schema.org","@graph":[{"@type":"WebPage","@id":"https:\/\/masterstrategy.pt\/en\/project-information\/","url":"https:\/\/masterstrategy.pt\/en\/project-information\/","name":"Project Information - Masterstrategy","isPartOf":{"@id":"https:\/\/masterstrategy.pt\/en\/#website"},"datePublished":"2021-01-26T14:52:35+00:00","dateModified":"2021-03-09T10:25:19+00:00","breadcrumb":{"@id":"https:\/\/masterstrategy.pt\/en\/project-information\/#breadcrumb"},"inLanguage":"en-US","potentialAction":[{"@type":"ReadAction","target":["https:\/\/masterstrategy.pt\/en\/project-information\/"]}]},{"@type":"BreadcrumbList","@id":"https:\/\/masterstrategy.pt\/en\/project-information\/#breadcrumb","itemListElement":[{"@type":"ListItem","position":1,"name":"In\u00edcio","item":"https:\/\/masterstrategy.pt\/en\/"},{"@type":"ListItem","position":2,"name":"Project Information"}]},{"@type":"WebSite","@id":"https:\/\/masterstrategy.pt\/en\/#website","url":"https:\/\/masterstrategy.pt\/en\/","name":"Masterstrategy","description":"","potentialAction":[{"@type":"SearchAction","target":{"@type":"EntryPoint","urlTemplate":"https:\/\/masterstrategy.pt\/en\/?s={search_term_string}"},"query-input":{"@type":"PropertyValueSpecification","valueRequired":true,"valueName":"search_term_string"}}],"inLanguage":"en-US"}]}},"_links":{"self":[{"href":"https:\/\/masterstrategy.pt\/en\/wp-json\/wp\/v2\/pages\/9595","targetHints":{"allow":["GET"]}}],"collection":[{"href":"https:\/\/masterstrategy.pt\/en\/wp-json\/wp\/v2\/pages"}],"about":[{"href":"https:\/\/masterstrategy.pt\/en\/wp-json\/wp\/v2\/types\/page"}],"author":[{"embeddable":true,"href":"https:\/\/masterstrategy.pt\/en\/wp-json\/wp\/v2\/users\/2"}],"replies":[{"embeddable":true,"href":"https:\/\/masterstrategy.pt\/en\/wp-json\/wp\/v2\/comments?post=9595"}],"version-history":[{"count":7,"href":"https:\/\/masterstrategy.pt\/en\/wp-json\/wp\/v2\/pages\/9595\/revisions"}],"predecessor-version":[{"id":9777,"href":"https:\/\/masterstrategy.pt\/en\/wp-json\/wp\/v2\/pages\/9595\/revisions\/9777"}],"wp:attachment":[{"href":"https:\/\/masterstrategy.pt\/en\/wp-json\/wp\/v2\/media?parent=9595"}],"curies":[{"name":"wp","href":"https:\/\/api.w.org\/{rel}","templated":true}]}}