{"id":6099,"date":"2019-12-12T10:40:17","date_gmt":"2019-12-12T10:40:17","guid":{"rendered":"https:\/\/masterstrategy.pt\/?page_id=6099"},"modified":"2019-12-19T09:59:38","modified_gmt":"2019-12-19T09:59:38","slug":"solucoes","status":"publish","type":"page","link":"https:\/\/masterstrategy.pt\/en\/solucoes\/","title":{"rendered":"SOLU\u00c7\u00d5ES"},"content":{"rendered":"<p>[vc_row content_width=&#8221;grid&#8221; css=&#8221;.vc_custom_1576749572489{padding-top: 400px !important;padding-bottom: 15px !important;background-image: url(https:\/\/masterstrategy.pt\/wp-content\/uploads\/2019\/12\/separator4.jpg?id=6118) !important;}&#8221; el_class=&#8221;background&#8221;][vc_column][vc_column_text]<\/p>\n<h2 style=\"text-align: center;\">Solu\u00e7\u00f5es<\/h2>\n<p>[\/vc_column_text][vc_empty_space height=&#8221;16px&#8221;]<div class=\"qodef-separator-holder clearfix  qodef-separator-center\">\n\t<div class=\"qodef-separator\" style=\"border-color: #999999;border-style: solid;width: 80px;margin-bottom: 20px\"><\/div>\n<\/div>\n[vc_column_text]<\/p>\n<h4 style=\"color: #000000; text-align: center;\">WE AIM NEW challenges<\/h4>\n<p>[\/vc_column_text][vc_empty_space height=&#8221;30px&#8221;][vc_column_text]<\/p>\n<h4 style=\"color: #000000; text-align: center;\"><strong>CONSULTORIA E APOIO T\u00c9CNICO<\/strong><\/h4>\n<p>[\/vc_column_text][vc_empty_space height=&#8221;16px&#8221;][vc_column_text]A nossa equipa est\u00e1 dotada de compet\u00eancias nas mais diversas \u00e1reas, desde a consultoria estrat\u00e9gica e de neg\u00f3cio, at\u00e9 ao design aplicacional.[\/vc_column_text][vc_empty_space height=&#8221;40px&#8221;][vc_column_text]<\/p>\n<h4 style=\"color: #000000; text-align: center;\"><strong>DESENVOLVIMENTO DE SOLU\u00c7\u00d5ES VERTICAIS<\/strong><\/h4>\n<p>[\/vc_column_text][vc_empty_space height=&#8221;16px&#8221;][vc_raw_html]JTNDcCUzRSVDMyU4OSUyMGZyZXF1ZW50ZSUyMHRlcm1vcyUyMHByb2JsZW1hcyUyMGVtJTIwY29uY2ViZXIlMjBtb2RlbG9zJTIwYXBsaWNhY2lvbmFpcyUyMHBvcnF1ZSUyMG8lMjBub3NzbyUyMHBlbnNhbWVudG8lMjAlQzMlQTklMjByZXRpZG8lMjBwZWxvJTIwc3RhdHVzJTIwcXVvLiUyME8lMjBTdGF0dXMlMjBRdW8lMjBwYXJhbGl6YSUyMGElMjBJTUFHSU5BJUMzJTg3JUMzJTgzTy4lMjBVbWElMjBmb3JtYSUyMGRlJTIwdWx0cmFwYXNzYXIlMjBlc3RlJTIwcHJvYmxlbWElMjAlQzMlQTklMjBkZXNhZmlhciUyMG9zJTIwcHJlc3N1cG9zdG9zJTIwY29udmVuY2lvbmFpcyUyMGNvbSUyMHBlcmd1bnRhcyUyMCVDMiVBQldoYXQlMjBJZiVDMiVCQiUyMCUyOG8lMjBxdWUlMjAlQzMlQTklMjBxdWUlMjBhY29udGVjZXJpYSUyMHNlLi4uJTNGJTI5LiUzQ2JyJTNFJTNDYnIlM0UlMEElMEFFc3RlJTIwdGlwbyUyMGRlJTIwcGVyZ3VudGFzJTIwcyVDMyVBM28lMjBhcGVuYXMlMjBwb250b3MlMjBkZSUyMHBhcnRpZGEuJTIwRGVzYWZpYW0tbm9zJTIwYSUyMGRlc2NvYnJpciUyMG8lMjBtb2RlbG8lMjBwYXJhJTIwbyUyMHF1YWwlMjBhcyUyMHN1YXMlMjBzdXBvc2klQzMlQTclQzMlQjVlcyUyMHBvZGVyaWFtJTIwZnVuY2lvbmFyLiUzQ2JyJTNFJTNDYnIlM0UlMEElMEFBJTIwbm9zc2ElMjBlcXVpcGElMjBhc3N1bWUlMjBvJTIwY29tcHJvbWlzc28lMjBkZSUyMGFqdWQlQzMlQTEtbG8lMjBhJTIwY29uY2ViZXIlMjBzaXN0ZW1hcyUyMGRlJTIwaW5mb3JtYSVDMyVBNyVDMyVBM28lMjBhdHJhdiVDMyVBOXMlMjBkZSUyMHVtJTIwYWNvbXBhbmhhbWVudG8lMjBwZXJzb25hbGl6YWRvJTJDJTIwZ2VyaW5kbyUyMGVtJTIwY29uanVudG8lMjBlc3NlJTIwcHJvY2Vzc28lMkZwcm9qZXRvLiUzQ2JyJTNFJTNDYnIlM0UlMEElMEFVdGlsaXphbmRvJTIwZSUyMGFwbGljYW5kbyUyMGFzJTIwbWFpcyUyMG1vZGVybmFzJTIwZSUyMGlub3ZhZG9yYXMlMjB0JUMzJUE5Y25pY2FzJTJDJTIwZGUlMjB1bSUyMG1vZG8lMjBhJTIwcXVlJTIwbyUyMGRlc2Vudm9sdmltZW50byUyMGRhJTIwc29sdSVDMyVBNyVDMyVBM28lMjBzZWphJTIwbmElMjByZWFsaWRhZGUlMjBhJTIwdHJhbnNmb3JtYSVDMyVBNyVDMyVBM28lMjBkYSUyMG5lY2Vzc2lkYWRlJTIwZG8lMjBjbGllbnRlJTJDJTIwbnVtJTIwcHJvZHV0byUyMHF1ZSUyMGV4cHJlc3NhJTIwc2VtJTIwYW1iaWd1aWRhZGVzJTIwb3MlMjByZXF1aXNpdG9zJTIwaW5pY2lhaXMlMjBlJTIwb3MlMjBzZXVzJTIwcHJvcCVDMyVCM3NpdG9zLiUzQyUyRnAlM0UlMEElMEE=[\/vc_raw_html][vc_empty_space height=&#8221;40px&#8221;][vc_column_text]<\/p>\n<h4 style=\"color: #000000; text-align: center;\"><strong>DESIGN E DESENVOLVIMENTO DE WEBSITES<\/strong><\/h4>\n<p>[\/vc_column_text][vc_empty_space height=&#8221;16px&#8221;][vc_raw_html]JTNDcCUzRURlc2FmaWUlMjBhJTIwbm9zc2ElMjBpbWFnaW5hJUMzJUE3JUMzJUEzby4uLiUzQ2JyJTNFJTNDYnIlM0UlMEElMEFBdHJhdiVDMyVBOXMlMjBkZSUyMHVtJTIwZGVzaWduJTIwYXBsaWNhZG8lMjBlc3BlY2lmaWNhbWVudGUlMjAlQzMlQTAlMjBuZWNlc3NpZGFkZSUyMGRvJTIwY2xpZW50ZSUyQyUyMGElMjBub3NzYSUyMGVxdWlwYSUyMGRlJTIwZGVzaWduZXJzJTIwY29uY2ViZSUyMHBsYXRhZm9ybWFzJTIwZGUlMjBlLWNvbW1lcmNlJTJDJTIwcG9ydGFpcyUyMGVtcHJlc2FyaWFpcyUyMGUlMjB3ZWJzaXRlcyUyQyUyMGNvbSUyMHVtJTIwZW5mb3F1ZSUyMG5hJTIwc2VndXJhbiVDMyVBN2ElMjBkYSUyMGluZm9ybWElQzMlQTclQzMlQTNvJTIwZSUyMG5vJTIwZGVzaWduJTIwcGVyc29uYWxpemFkby4lM0MlMkZwJTNFJTBBJTBB[\/vc_raw_html][vc_empty_space height=&#8221;75px&#8221;][\/vc_column][\/vc_row]<\/p>\n","protected":false},"excerpt":{"rendered":"<p>[vc_row content_width=&#8221;grid&#8221; css=&#8221;.vc_custom_1576749572489{padding-top: 400px !important;padding-bottom: 15px !important;background-image: url(https:\/\/masterstrategy.pt\/wp-content\/uploads\/2019\/12\/separator4.jpg?id=6118) !important;}&#8221; el_class=&#8221;background&#8221;][vc_column][vc_column_text] Solu\u00e7\u00f5es [\/vc_column_text][vc_empty_space height=&#8221;16px&#8221;][vc_column_text] WE AIM NEW challenges [\/vc_column_text][vc_empty_space height=&#8221;30px&#8221;][vc_column_text] CONSULTORIA E&#8230;<\/p>\n","protected":false},"author":2,"featured_media":0,"parent":0,"menu_order":0,"comment_status":"closed","ping_status":"closed","template":"full-width.php","meta":{"footnotes":""},"class_list":["post-6099","page","type-page","status-publish","hentry"],"yoast_head":"<!-- This site is optimized with the Yoast SEO plugin v24.4 - https:\/\/yoast.com\/wordpress\/plugins\/seo\/ -->\n<title>SOLU\u00c7\u00d5ES - Masterstrategy<\/title>\n<meta name=\"robots\" content=\"index, follow, max-snippet:-1, max-image-preview:large, max-video-preview:-1\" \/>\n<link rel=\"canonical\" href=\"https:\/\/masterstrategy.pt\/en\/solucoes\/\" \/>\n<meta property=\"og:locale\" content=\"en_US\" \/>\n<meta property=\"og:type\" content=\"article\" \/>\n<meta property=\"og:title\" content=\"SOLU\u00c7\u00d5ES - Masterstrategy\" \/>\n<meta property=\"og:description\" content=\"[vc_row content_width=&#8221;grid&#8221; css=&#8221;.vc_custom_1576749572489{padding-top: 400px !important;padding-bottom: 15px !important;background-image: url(https:\/\/masterstrategy.pt\/wp-content\/uploads\/2019\/12\/separator4.jpg?id=6118) !important;}&#8221; el_class=&#8221;background&#8221;][vc_column][vc_column_text] Solu\u00e7\u00f5es [\/vc_column_text][vc_empty_space height=&#8221;16px&#8221;][vc_column_text] WE AIM NEW challenges [\/vc_column_text][vc_empty_space height=&#8221;30px&#8221;][vc_column_text] CONSULTORIA E...\" \/>\n<meta property=\"og:url\" content=\"https:\/\/masterstrategy.pt\/en\/solucoes\/\" \/>\n<meta property=\"og:site_name\" content=\"Masterstrategy\" \/>\n<meta property=\"article:modified_time\" content=\"2019-12-19T09:59:38+00:00\" \/>\n<meta name=\"twitter:card\" content=\"summary_large_image\" \/>\n<meta name=\"twitter:label1\" content=\"Est. reading time\" \/>\n\t<meta name=\"twitter:data1\" content=\"2 minutes\" \/>\n<script type=\"application\/ld+json\" class=\"yoast-schema-graph\">{\"@context\":\"https:\/\/schema.org\",\"@graph\":[{\"@type\":\"WebPage\",\"@id\":\"https:\/\/masterstrategy.pt\/en\/solucoes\/\",\"url\":\"https:\/\/masterstrategy.pt\/en\/solucoes\/\",\"name\":\"SOLU\u00c7\u00d5ES - Masterstrategy\",\"isPartOf\":{\"@id\":\"https:\/\/masterstrategy.pt\/en\/#website\"},\"datePublished\":\"2019-12-12T10:40:17+00:00\",\"dateModified\":\"2019-12-19T09:59:38+00:00\",\"breadcrumb\":{\"@id\":\"https:\/\/masterstrategy.pt\/en\/solucoes\/#breadcrumb\"},\"inLanguage\":\"en-US\",\"potentialAction\":[{\"@type\":\"ReadAction\",\"target\":[\"https:\/\/masterstrategy.pt\/en\/solucoes\/\"]}]},{\"@type\":\"BreadcrumbList\",\"@id\":\"https:\/\/masterstrategy.pt\/en\/solucoes\/#breadcrumb\",\"itemListElement\":[{\"@type\":\"ListItem\",\"position\":1,\"name\":\"In\u00edcio\",\"item\":\"https:\/\/masterstrategy.pt\/en\/\"},{\"@type\":\"ListItem\",\"position\":2,\"name\":\"SOLU\u00c7\u00d5ES\"}]},{\"@type\":\"WebSite\",\"@id\":\"https:\/\/masterstrategy.pt\/en\/#website\",\"url\":\"https:\/\/masterstrategy.pt\/en\/\",\"name\":\"Masterstrategy\",\"description\":\"\",\"potentialAction\":[{\"@type\":\"SearchAction\",\"target\":{\"@type\":\"EntryPoint\",\"urlTemplate\":\"https:\/\/masterstrategy.pt\/en\/?s={search_term_string}\"},\"query-input\":{\"@type\":\"PropertyValueSpecification\",\"valueRequired\":true,\"valueName\":\"search_term_string\"}}],\"inLanguage\":\"en-US\"}]}<\/script>\n<!-- \/ Yoast SEO plugin. -->","yoast_head_json":{"title":"SOLU\u00c7\u00d5ES - Masterstrategy","robots":{"index":"index","follow":"follow","max-snippet":"max-snippet:-1","max-image-preview":"max-image-preview:large","max-video-preview":"max-video-preview:-1"},"canonical":"https:\/\/masterstrategy.pt\/en\/solucoes\/","og_locale":"en_US","og_type":"article","og_title":"SOLU\u00c7\u00d5ES - Masterstrategy","og_description":"[vc_row content_width=&#8221;grid&#8221; css=&#8221;.vc_custom_1576749572489{padding-top: 400px !important;padding-bottom: 15px !important;background-image: url(https:\/\/masterstrategy.pt\/wp-content\/uploads\/2019\/12\/separator4.jpg?id=6118) !important;}&#8221; el_class=&#8221;background&#8221;][vc_column][vc_column_text] Solu\u00e7\u00f5es [\/vc_column_text][vc_empty_space height=&#8221;16px&#8221;][vc_column_text] WE AIM NEW challenges [\/vc_column_text][vc_empty_space height=&#8221;30px&#8221;][vc_column_text] CONSULTORIA E...","og_url":"https:\/\/masterstrategy.pt\/en\/solucoes\/","og_site_name":"Masterstrategy","article_modified_time":"2019-12-19T09:59:38+00:00","twitter_card":"summary_large_image","twitter_misc":{"Est. reading time":"2 minutes"},"schema":{"@context":"https:\/\/schema.org","@graph":[{"@type":"WebPage","@id":"https:\/\/masterstrategy.pt\/en\/solucoes\/","url":"https:\/\/masterstrategy.pt\/en\/solucoes\/","name":"SOLU\u00c7\u00d5ES - Masterstrategy","isPartOf":{"@id":"https:\/\/masterstrategy.pt\/en\/#website"},"datePublished":"2019-12-12T10:40:17+00:00","dateModified":"2019-12-19T09:59:38+00:00","breadcrumb":{"@id":"https:\/\/masterstrategy.pt\/en\/solucoes\/#breadcrumb"},"inLanguage":"en-US","potentialAction":[{"@type":"ReadAction","target":["https:\/\/masterstrategy.pt\/en\/solucoes\/"]}]},{"@type":"BreadcrumbList","@id":"https:\/\/masterstrategy.pt\/en\/solucoes\/#breadcrumb","itemListElement":[{"@type":"ListItem","position":1,"name":"In\u00edcio","item":"https:\/\/masterstrategy.pt\/en\/"},{"@type":"ListItem","position":2,"name":"SOLU\u00c7\u00d5ES"}]},{"@type":"WebSite","@id":"https:\/\/masterstrategy.pt\/en\/#website","url":"https:\/\/masterstrategy.pt\/en\/","name":"Masterstrategy","description":"","potentialAction":[{"@type":"SearchAction","target":{"@type":"EntryPoint","urlTemplate":"https:\/\/masterstrategy.pt\/en\/?s={search_term_string}"},"query-input":{"@type":"PropertyValueSpecification","valueRequired":true,"valueName":"search_term_string"}}],"inLanguage":"en-US"}]}},"_links":{"self":[{"href":"https:\/\/masterstrategy.pt\/en\/wp-json\/wp\/v2\/pages\/6099","targetHints":{"allow":["GET"]}}],"collection":[{"href":"https:\/\/masterstrategy.pt\/en\/wp-json\/wp\/v2\/pages"}],"about":[{"href":"https:\/\/masterstrategy.pt\/en\/wp-json\/wp\/v2\/types\/page"}],"author":[{"embeddable":true,"href":"https:\/\/masterstrategy.pt\/en\/wp-json\/wp\/v2\/users\/2"}],"replies":[{"embeddable":true,"href":"https:\/\/masterstrategy.pt\/en\/wp-json\/wp\/v2\/comments?post=6099"}],"version-history":[{"count":31,"href":"https:\/\/masterstrategy.pt\/en\/wp-json\/wp\/v2\/pages\/6099\/revisions"}],"predecessor-version":[{"id":6431,"href":"https:\/\/masterstrategy.pt\/en\/wp-json\/wp\/v2\/pages\/6099\/revisions\/6431"}],"wp:attachment":[{"href":"https:\/\/masterstrategy.pt\/en\/wp-json\/wp\/v2\/media?parent=6099"}],"curies":[{"name":"wp","href":"https:\/\/api.w.org\/{rel}","templated":true}]}}